{"id":26,"date":"2013-03-23T13:06:18","date_gmt":"2013-03-23T13:06:18","guid":{"rendered":"http:\/\/themenectar.com\/demo\/salient\/?page_id=26"},"modified":"2019-04-28T15:40:12","modified_gmt":"2019-04-28T14:40:12","slug":"contact","status":"publish","type":"page","link":"https:\/\/keka.si\/?page_id=26","title":{"rendered":"Kontakt"},"content":{"rendered":"[vc_row type=&#8221;in_container&#8221; full_screen_row_position=&#8221;middle&#8221; scene_position=&#8221;center&#8221; text_color=&#8221;dark&#8221; text_align=&#8221;left&#8221; overlay_strength=&#8221;0.3&#8243; shape_divider_position=&#8221;bottom&#8221; bg_image_animation=&#8221;none&#8221;][vc_column column_padding=&#8221;no-extra-padding&#8221; column_padding_position=&#8221;all&#8221; background_color_opacity=&#8221;1&#8243; background_hover_color_opacity=&#8221;1&#8243; column_link_target=&#8221;_self&#8221; column_shadow=&#8221;none&#8221; column_border_radius=&#8221;none&#8221; width=&#8221;2\/3&#8243; tablet_width_inherit=&#8221;default&#8221; tablet_text_alignment=&#8221;default&#8221; phone_text_alignment=&#8221;default&#8221; column_border_width=&#8221;none&#8221; column_border_style=&#8221;solid&#8221; bg_image_animation=&#8221;none&#8221;][vc_column_text][contact-form-7 id=&#8221;7&#8243; title=&#8221;Contact form 1&#8243;][\/vc_column_text][\/vc_column][vc_column column_padding=&#8221;no-extra-padding&#8221; column_padding_position=&#8221;all&#8221; background_color_opacity=&#8221;1&#8243; background_hover_color_opacity=&#8221;1&#8243; column_link_target=&#8221;_self&#8221; column_shadow=&#8221;none&#8221; column_border_radius=&#8221;none&#8221; width=&#8221;1\/3&#8243; tablet_width_inherit=&#8221;default&#8221; tablet_text_alignment=&#8221;default&#8221; phone_text_alignment=&#8221;default&#8221; column_border_width=&#8221;none&#8221; column_border_style=&#8221;solid&#8221; bg_image_animation=&#8221;none&#8221;][vc_column_text]\n<h2>Pridite na obisk!<\/h2>\n<p>Pred dobro vetrovno napovedjo, v \u010dasu regatah in ob vikendih smo \u010dlani kluba aktivni v Jadralnem centru Portoro\u017e. Pripeljite se do nas, veseli bomo va\u0161ega obiska!<\/p>\n<h2>Veter bo!<\/h2>\n<p>Z daljnogledom lahko zlahka ugotovite jadralne pogoje v zalivu in v bli\u017eini Savudrije. Dobimo se v klubu!<\/p>\n<h2>Podatki:<\/h2>\n<p>\u0160tevilka transakcijskega ra\u010duna: 10100-0045986725 Banka Koper d.d.<\/p>\n<p>Dav\u010dna \u0161tevilka: 15852601<\/p>\n<p>Mati\u010dna \u0161tevilka: 5240174000<\/p>\n<p>Zakoniti zastopnik: \u017deleznik Alan<\/p>\n<p>\u0160portno dru\u0161tvo Keka je \u010dlan Jadralne Zveze Slovenije[\/vc_column_text][divider line_type=&#8221;No Line&#8221; custom_height=&#8221;5&#8243;]<div class=\"col span_6\" data-animation=\"\" data-delay=\"0\">[vc_column_text]<b>\u0160portno dru\u0161tvo Keka Piran<\/b>, Portoro\u017e, Obala 7, 6320 Portoro\u017e &#8211; Portorose[\/vc_column_text]<\/div><div class=\"col span_6 col_last\" data-animation=\"\" data-delay=\"0\">[vc_column_text]<b>Telefon<\/b>: +386 (0) 40 633 999, Alan \u017deleznik<br \/>\n<b>Email<\/b>: t1@t2.net[\/vc_column_text]<\/div><div class=\"clear\"><\/div>[\/vc_column][\/vc_row]\n","protected":false},"excerpt":{"rendered":"<p>[vc_row type=&#8221;in_container&#8221; full_screen_row_position=&#8221;middle&#8221; scene_position=&#8221;center&#8221; text_color=&#8221;dark&#8221; text_align=&#8221;left&#8221; overlay_strength=&#8221;0.3&#8243; shape_divider_position=&#8221;bottom&#8221; bg_image_animation=&#8221;none&#8221;][vc_column column_padding=&#8221;no-extra-padding&#8221; column_padding_position=&#8221;all&#8221; background_color_opacity=&#8221;1&#8243; background_hover_color_opacity=&#8221;1&#8243; column_link_target=&#8221;_self&#8221; column_shadow=&#8221;none&#8221; column_border_radius=&#8221;none&#8221; width=&#8221;2\/3&#8243; tablet_width_inherit=&#8221;default&#8221; tablet_text_alignment=&#8221;default&#8221; phone_text_alignment=&#8221;default&#8221; column_border_width=&#8221;none&#8221; column_border_style=&#8221;solid&#8221; bg_image_animation=&#8221;none&#8221;][vc_column_text][contact-form-7 id=&#8221;7&#8243; title=&#8221;Contact form 1&#8243;][\/vc_column_text][\/vc_column][vc_column column_padding=&#8221;no-extra-padding&#8221; column_padding_position=&#8221;all&#8221; background_color_opacity=&#8221;1&#8243;&#8230;<\/p>\n","protected":false},"author":1,"featured_media":1348,"parent":0,"menu_order":0,"comment_status":"open","ping_status":"open","template":"template-contact.php","meta":{"footnotes":""},"class_list":["post-26","page","type-page","status-publish","has-post-thumbnail"],"_links":{"self":[{"href":"https:\/\/keka.si\/index.php?rest_route=\/wp\/v2\/pages\/26","targetHints":{"allow":["GET"]}}],"collection":[{"href":"https:\/\/keka.si\/index.php?rest_route=\/wp\/v2\/pages"}],"about":[{"href":"https:\/\/keka.si\/index.php?rest_route=\/wp\/v2\/types\/page"}],"author":[{"embeddable":true,"href":"https:\/\/keka.si\/index.php?rest_route=\/wp\/v2\/users\/1"}],"replies":[{"embeddable":true,"href":"https:\/\/keka.si\/index.php?rest_route=%2Fwp%2Fv2%2Fcomments&post=26"}],"version-history":[{"count":7,"href":"https:\/\/keka.si\/index.php?rest_route=\/wp\/v2\/pages\/26\/revisions"}],"predecessor-version":[{"id":1018,"href":"https:\/\/keka.si\/index.php?rest_route=\/wp\/v2\/pages\/26\/revisions\/1018"}],"wp:featuredmedia":[{"embeddable":true,"href":"https:\/\/keka.si\/index.php?rest_route=\/wp\/v2\/media\/1348"}],"wp:attachment":[{"href":"https:\/\/keka.si\/index.php?rest_route=%2Fwp%2Fv2%2Fmedia&parent=26"}],"curies":[{"name":"wp","href":"https:\/\/api.w.org\/{rel}","templated":true}]}}