{"id":992,"date":"2019-04-28T09:04:00","date_gmt":"2019-04-28T09:04:00","guid":{"rendered":"http:\/\/keka.si\/new\/?page_id=992"},"modified":"2022-03-26T21:39:42","modified_gmt":"2022-03-26T20:39:42","slug":"cenik-storitev-2019","status":"publish","type":"page","link":"https:\/\/keka.si\/?page_id=992","title":{"rendered":"Cenik Storitev 2022"},"content":{"rendered":"<pre><strong>\u010cLANARINA \u2013 LETNA<\/strong>\r\n\r\n40,00 EUR\r\n\r\n<strong>IZPOSOJA WINDSURF OPREME<\/strong>\r\n\r\n1.) Za\u010detni\u0161ka deska \u2013 1 ura\r\n\r\n12,00 EUR\r\n\r\n2.) Za\u010detni\u0161ka deska \u2013 1 dan\r\n\r\n60,00 EUR\r\n\r\n3.) Fun deska \u2013 1 ura\r\n\r\n25,00 EUR\r\n\r\n4.) Fun deska \u2013 1 dan\r\n\r\n100,00 EUR\r\n\r\n5.) Sezonska uporaba SUPa \u2013 samo za \u010dlane kluba\r\n\r\n100,00 EUR\r\n\r\n<strong>WINDSURF TE\u010cAJI<\/strong>\r\n\r\n1.) Windsurf te\u010daj: za\u010detni\u0161ki \u2013 8 ur z opremo in in\u0161truktorjem v skupini\r\n\r\n140,00 EUR\r\n\r\n2.) Windsurf te\u010daj: za\u010detni\u0161ki \u2013 8 ur z opremo in in\u0161truktorjem individualno\r\n\r\n250,00 EUR\r\n\r\n3.) Windsurf in\u0161truktor ter oprema individualno \u2013 1 ura\r\n\r\n50,00 EUR\r\n\r\n<strong>IZPOSOJA KANUJA<\/strong>\r\n\r\n1.) Ena ura\r\n\r\n12,00 EUR\r\n\r\n2.) En dan\r\n\r\n60,00 EUR<\/pre>\n","protected":false},"excerpt":{"rendered":"<p>\u010cLANARINA \u2013 LETNA 40,00 EUR IZPOSOJA WINDSURF OPREME 1.) Za\u010detni\u0161ka deska \u2013 1 ura 12,00 EUR 2.) Za\u010detni\u0161ka deska \u2013 1 dan 60,00 EUR 3.) Fun deska \u2013 1 ura&#8230;<\/p>\n","protected":false},"author":1,"featured_media":1348,"parent":0,"menu_order":0,"comment_status":"closed","ping_status":"closed","template":"","meta":{"footnotes":""},"class_list":["post-992","page","type-page","status-publish","has-post-thumbnail"],"_links":{"self":[{"href":"https:\/\/keka.si\/index.php?rest_route=\/wp\/v2\/pages\/992","targetHints":{"allow":["GET"]}}],"collection":[{"href":"https:\/\/keka.si\/index.php?rest_route=\/wp\/v2\/pages"}],"about":[{"href":"https:\/\/keka.si\/index.php?rest_route=\/wp\/v2\/types\/page"}],"author":[{"embeddable":true,"href":"https:\/\/keka.si\/index.php?rest_route=\/wp\/v2\/users\/1"}],"replies":[{"embeddable":true,"href":"https:\/\/keka.si\/index.php?rest_route=%2Fwp%2Fv2%2Fcomments&post=992"}],"version-history":[{"count":2,"href":"https:\/\/keka.si\/index.php?rest_route=\/wp\/v2\/pages\/992\/revisions"}],"predecessor-version":[{"id":1240,"href":"https:\/\/keka.si\/index.php?rest_route=\/wp\/v2\/pages\/992\/revisions\/1240"}],"wp:featuredmedia":[{"embeddable":true,"href":"https:\/\/keka.si\/index.php?rest_route=\/wp\/v2\/media\/1348"}],"wp:attachment":[{"href":"https:\/\/keka.si\/index.php?rest_route=%2Fwp%2Fv2%2Fmedia&parent=992"}],"curies":[{"name":"wp","href":"https:\/\/api.w.org\/{rel}","templated":true}]}}